{"id":3,"date":"2020-01-06T09:27:49","date_gmt":"2020-01-06T08:27:49","guid":{"rendered":"https:\/\/blog.fnlp.fr\/?page_id=3"},"modified":"2020-01-07T14:12:44","modified_gmt":"2020-01-07T13:12:44","slug":"politique-de-confidentialite","status":"publish","type":"page","link":"https:\/\/blog.fnlp.fr\/?page_id=3","title":{"rendered":"Politique de confidentialit\u00e9"},"content":{"rendered":"\r\n<h2 class=\"wp-block-heading\">Qui sommes-nous\u00a0?<\/h2>\r\n\r\n\r\n\r\n<p>L\u2019adresse de notre site Web est\u00a0: https:\/\/blog.fnlp.fr.<\/p>\r\n<p>Ce site est li\u00e9 au site de la F\u00e9d\u00e9ration nationale de la Libre Pens\u00e9e et ob\u00e9it aux m\u00eame r\u00e8gles (voir politique de confidentialit\u00e9 du site de la FNLP : https:\/\/www.fnlp.fr<\/p>\r\n<p>Il publie des articles divers sous la responsabilit\u00e9 de leurs auteurs. Ils n&rsquo;engagent pas l&rsquo;association F\u00e9d\u00e9ration nationale de la Libre Pens\u00e9e, ni les F\u00e9d\u00e9rations d\u00e9partementales, groupes locaux et Libres Penseurs regroup\u00e9s au sein de la F\u00e9d\u00e9ration nationale.<\/p>\r\n\r\n\r\n\r\n<h2 class=\"wp-block-heading\">Utilisation des donn\u00e9es personnelles collect\u00e9es<\/h2>\r\n\r\n\r\n\r\n<h3 class=\"wp-block-heading\">Commentaires<\/h3>\r\n\r\n\r\n\r\n<p>Les commentaires ont \u00e9t\u00e9 d\u00e9sactiv\u00e9s<\/p>\r\n\r\n\r\n\r\n\r\n\r\n<h3 class=\"wp-block-heading\">Formulaires de contact<\/h3>\r\n<p>pour c<a href=\"https:\/\/www.fnlp.fr\/wordpress\/contact\/\" target=\"_blank\" rel=\"noopener noreferrer\">ontacter l&rsquo;association F\u00e9d\u00e9ration nationale<\/a><\/p>\r\n\r\n\r\n\r\n<h3 class=\"wp-block-heading\">Cookies<\/h3>\r\n\r\n\r\n\r\n\r\n\r\n<p>Si vous vous rendez sur la page de connexion, un cookie temporaire sera cr\u00e9\u00e9 afin de d\u00e9terminer si votre navigateur accepte les cookies. Il ne contient pas de donn\u00e9es personnelles et sera supprim\u00e9 automatiquement \u00e0 la fermeture de votre navigateur.<\/p>\r\n\r\n\r\n\r\n<p>Lorsque vous vous connecterez, nous mettrons en place un certain nombre de cookies pour enregistrer vos informations de connexion et vos pr\u00e9f\u00e9rences d\u2019\u00e9cran. La dur\u00e9e de vie d\u2019un cookie de connexion est de deux jours, celle d\u2019un cookie d\u2019option d\u2019\u00e9cran est d\u2019un an. Si vous cochez \u00ab\u00a0Se souvenir de moi\u00a0\u00bb, votre cookie de connexion sera conserv\u00e9 pendant deux semaines. Si vous vous d\u00e9connectez de votre compte, le cookie de connexion sera effac\u00e9.<\/p>\r\n\r\n\r\n\r\n\r\n\r\n<h3 class=\"wp-block-heading\">Contenu embarqu\u00e9 depuis d\u2019autres sites<\/h3>\r\n\r\n\r\n\r\n<p>Les articles de ce site peuvent inclure des contenus int\u00e9gr\u00e9s (par exemple des vid\u00e9os, images, articles\u2026). Le contenu int\u00e9gr\u00e9 depuis d\u2019autres sites se comporte de la m\u00eame mani\u00e8re que si le visiteur se rendait sur cet autre site.<\/p>\r\n\r\n\r\n\r\n<p>Ces sites web pourraient collecter des donn\u00e9es sur vous, utiliser des cookies, embarquer des outils de suivis tiers, suivre vos interactions avec ces contenus embarqu\u00e9s si vous disposez d\u2019un compte connect\u00e9 sur leur site web.<\/p>\r\n\r\n\r\n\r\n<h3 class=\"wp-block-heading\">Statistiques et mesures d\u2019audience<\/h3>\r\n\r\n\r\n\r\n<h2 class=\"wp-block-heading\">Utilisation et transmission de vos donn\u00e9es personnelles<\/h2>\r\n\r\n\r\n\r\n<p>Ce site n&rsquo;enregistre aucune donn\u00e9e personnelle et ne demande aucun enregistrement de donn\u00e9es personnelles.<\/p>\r\n\r\n\r\n","protected":false},"excerpt":{"rendered":"<div class=\"mh-excerpt\"><p>Qui sommes-nous\u00a0? L\u2019adresse de notre site Web est\u00a0: https:\/\/blog.fnlp.fr. Ce site est li\u00e9 au site de la F\u00e9d\u00e9ration nationale de la Libre Pens\u00e9e et ob\u00e9it <a class=\"mh-excerpt-more\" href=\"https:\/\/blog.fnlp.fr\/?page_id=3\" title=\"Politique de confidentialit\u00e9\">[&#8230;]<\/a><\/p>\n<\/div>","protected":false},"author":1,"featured_media":0,"parent":0,"menu_order":0,"comment_status":"closed","ping_status":"closed","template":"","meta":{"footnotes":""},"class_list":["post-3","page","type-page","status-publish","hentry"],"_links":{"self":[{"href":"https:\/\/blog.fnlp.fr\/index.php?rest_route=\/wp\/v2\/pages\/3","targetHints":{"allow":["GET"]}}],"collection":[{"href":"https:\/\/blog.fnlp.fr\/index.php?rest_route=\/wp\/v2\/pages"}],"about":[{"href":"https:\/\/blog.fnlp.fr\/index.php?rest_route=\/wp\/v2\/types\/page"}],"author":[{"embeddable":true,"href":"https:\/\/blog.fnlp.fr\/index.php?rest_route=\/wp\/v2\/users\/1"}],"replies":[{"embeddable":true,"href":"https:\/\/blog.fnlp.fr\/index.php?rest_route=%2Fwp%2Fv2%2Fcomments&post=3"}],"version-history":[{"count":1,"href":"https:\/\/blog.fnlp.fr\/index.php?rest_route=\/wp\/v2\/pages\/3\/revisions"}],"predecessor-version":[{"id":142,"href":"https:\/\/blog.fnlp.fr\/index.php?rest_route=\/wp\/v2\/pages\/3\/revisions\/142"}],"wp:attachment":[{"href":"https:\/\/blog.fnlp.fr\/index.php?rest_route=%2Fwp%2Fv2%2Fmedia&parent=3"}],"curies":[{"name":"wp","href":"https:\/\/api.w.org\/{rel}","templated":true}]}}